{"id":2124,"date":"2021-06-22T00:11:48","date_gmt":"2021-06-21T23:11:48","guid":{"rendered":"https:\/\/www.petranyijozsef.hu\/certificate\/"},"modified":"2025-12-15T11:13:46","modified_gmt":"2025-12-15T10:13:46","slug":"certificates","status":"publish","type":"page","link":"https:\/\/www.petranyijozsef.hu\/en\/certificates\/","title":{"rendered":"Certificates"},"content":{"rendered":"<h2>\n\t\tCERTIFICATES\n\t<\/h2>\n\t<a href=\"https:\/\/www.petranyijozsef.hu\/wp-content\/uploads\/2021\/05\/petranyi-jozsef-iso-202105-25.pdf\" class=\"pdfemb-viewer\" style=\"\" data-width=\"max\" data-height=\"max\"  data-toolbar=\"bottom\" data-toolbar-fixed=\"off\">petranyi-jozsef-iso-202105-25<br\/><\/a>\n\t<a href=\"https:\/\/www.petranyijozsef.hu\/wp-content\/uploads\/2025\/12\/certificate-GMP.pdf\" class=\"pdfemb-viewer\" style=\"\" data-width=\"max\" data-height=\"max\"  data-toolbar=\"bottom\" data-toolbar-fixed=\"off\">certificate-GMP<br\/><\/a>\n\t<a href=\"https:\/\/www.petranyijozsef.hu\/wp-content\/uploads\/2021\/06\/ISO-tanusitvany.pdf\" class=\"pdfemb-viewer\" style=\"\" data-width=\"max\" data-height=\"max\"  data-toolbar=\"bottom\" data-toolbar-fixed=\"off\">ISO-tanusitvany<br\/><\/a>\n","protected":false},"excerpt":{"rendered":"<p>CERTIFICATES<\/p>\n","protected":false},"author":1,"featured_media":0,"parent":0,"menu_order":0,"comment_status":"closed","ping_status":"closed","template":"","meta":{"footnotes":""},"class_list":["post-2124","page","type-page","status-publish","hentry"],"yoast_head":"<!-- This site is optimized with the Yoast SEO plugin v19.9 - https:\/\/yoast.com\/wordpress\/plugins\/seo\/ -->\n<title>Certificates - Petr\u00e1nyi J\u00f3zsef Fuvaroz\u00f3 Kft.<\/title>\n<meta name=\"robots\" content=\"index, follow, max-snippet:-1, max-image-preview:large, max-video-preview:-1\" \/>\n<link rel=\"canonical\" href=\"https:\/\/www.petranyijozsef.hu\/en\/certificates\/\" \/>\n<meta property=\"og:locale\" content=\"en_US\" \/>\n<meta property=\"og:type\" content=\"article\" \/>\n<meta property=\"og:title\" content=\"Certificates - Petr\u00e1nyi J\u00f3zsef Fuvaroz\u00f3 Kft.\" \/>\n<meta property=\"og:description\" content=\"CERTIFICATES\" \/>\n<meta property=\"og:url\" content=\"https:\/\/www.petranyijozsef.hu\/en\/certificates\/\" \/>\n<meta property=\"og:site_name\" content=\"Petr\u00e1nyi J\u00f3zsef Fuvaroz\u00f3 Kft.\" \/>\n<meta property=\"article:modified_time\" content=\"2025-12-15T10:13:46+00:00\" \/>\n<meta name=\"twitter:card\" content=\"summary_large_image\" \/>\n<script type=\"application\/ld+json\" class=\"yoast-schema-graph\">{\"@context\":\"https:\/\/schema.org\",\"@graph\":[{\"@type\":\"WebPage\",\"@id\":\"https:\/\/www.petranyijozsef.hu\/en\/certificates\/\",\"url\":\"https:\/\/www.petranyijozsef.hu\/en\/certificates\/\",\"name\":\"Certificates - Petr\u00e1nyi J\u00f3zsef Fuvaroz\u00f3 Kft.\",\"isPartOf\":{\"@id\":\"https:\/\/www.petranyijozsef.hu\/#website\"},\"datePublished\":\"2021-06-21T23:11:48+00:00\",\"dateModified\":\"2025-12-15T10:13:46+00:00\",\"breadcrumb\":{\"@id\":\"https:\/\/www.petranyijozsef.hu\/en\/certificates\/#breadcrumb\"},\"inLanguage\":\"en-US\",\"potentialAction\":[{\"@type\":\"ReadAction\",\"target\":[\"https:\/\/www.petranyijozsef.hu\/en\/certificates\/\"]}]},{\"@type\":\"BreadcrumbList\",\"@id\":\"https:\/\/www.petranyijozsef.hu\/en\/certificates\/#breadcrumb\",\"itemListElement\":[{\"@type\":\"ListItem\",\"position\":1,\"name\":\"Home\",\"item\":\"https:\/\/www.petranyijozsef.hu\/en\/\"},{\"@type\":\"ListItem\",\"position\":2,\"name\":\"Certificates\"}]},{\"@type\":\"WebSite\",\"@id\":\"https:\/\/www.petranyijozsef.hu\/#website\",\"url\":\"https:\/\/www.petranyijozsef.hu\/\",\"name\":\"Petr\u00e1nyi J\u00f3zsef Fuvaroz\u00f3 Kft.\",\"description\":\"Belf\u00f6ldi \u00e9s nemzetk\u00f6zi fuvaroz\u00e1s. \u00d6mlesztett\u00e1ru-sz\u00e1ll\u00edt\u00e1s, raklapos \u00e1ruk, sil\u00f3s sz\u00e1ll\u00edt\u00e1s, rakt\u00e1roz\u00e1s, logisztikai szolg\u00e1tat\u00e1sok.\",\"potentialAction\":[{\"@type\":\"SearchAction\",\"target\":{\"@type\":\"EntryPoint\",\"urlTemplate\":\"https:\/\/www.petranyijozsef.hu\/?s={search_term_string}\"},\"query-input\":\"required name=search_term_string\"}],\"inLanguage\":\"en-US\"}]}<\/script>\n<!-- \/ Yoast SEO plugin. -->","yoast_head_json":{"title":"Certificates - Petr\u00e1nyi J\u00f3zsef Fuvaroz\u00f3 Kft.","robots":{"index":"index","follow":"follow","max-snippet":"max-snippet:-1","max-image-preview":"max-image-preview:large","max-video-preview":"max-video-preview:-1"},"canonical":"https:\/\/www.petranyijozsef.hu\/en\/certificates\/","og_locale":"en_US","og_type":"article","og_title":"Certificates - Petr\u00e1nyi J\u00f3zsef Fuvaroz\u00f3 Kft.","og_description":"CERTIFICATES","og_url":"https:\/\/www.petranyijozsef.hu\/en\/certificates\/","og_site_name":"Petr\u00e1nyi J\u00f3zsef Fuvaroz\u00f3 Kft.","article_modified_time":"2025-12-15T10:13:46+00:00","twitter_card":"summary_large_image","schema":{"@context":"https:\/\/schema.org","@graph":[{"@type":"WebPage","@id":"https:\/\/www.petranyijozsef.hu\/en\/certificates\/","url":"https:\/\/www.petranyijozsef.hu\/en\/certificates\/","name":"Certificates - Petr\u00e1nyi J\u00f3zsef Fuvaroz\u00f3 Kft.","isPartOf":{"@id":"https:\/\/www.petranyijozsef.hu\/#website"},"datePublished":"2021-06-21T23:11:48+00:00","dateModified":"2025-12-15T10:13:46+00:00","breadcrumb":{"@id":"https:\/\/www.petranyijozsef.hu\/en\/certificates\/#breadcrumb"},"inLanguage":"en-US","potentialAction":[{"@type":"ReadAction","target":["https:\/\/www.petranyijozsef.hu\/en\/certificates\/"]}]},{"@type":"BreadcrumbList","@id":"https:\/\/www.petranyijozsef.hu\/en\/certificates\/#breadcrumb","itemListElement":[{"@type":"ListItem","position":1,"name":"Home","item":"https:\/\/www.petranyijozsef.hu\/en\/"},{"@type":"ListItem","position":2,"name":"Certificates"}]},{"@type":"WebSite","@id":"https:\/\/www.petranyijozsef.hu\/#website","url":"https:\/\/www.petranyijozsef.hu\/","name":"Petr\u00e1nyi J\u00f3zsef Fuvaroz\u00f3 Kft.","description":"Belf\u00f6ldi \u00e9s nemzetk\u00f6zi fuvaroz\u00e1s. \u00d6mlesztett\u00e1ru-sz\u00e1ll\u00edt\u00e1s, raklapos \u00e1ruk, sil\u00f3s sz\u00e1ll\u00edt\u00e1s, rakt\u00e1roz\u00e1s, logisztikai szolg\u00e1tat\u00e1sok.","potentialAction":[{"@type":"SearchAction","target":{"@type":"EntryPoint","urlTemplate":"https:\/\/www.petranyijozsef.hu\/?s={search_term_string}"},"query-input":"required name=search_term_string"}],"inLanguage":"en-US"}]}},"_links":{"self":[{"href":"https:\/\/www.petranyijozsef.hu\/en\/wp-json\/wp\/v2\/pages\/2124","targetHints":{"allow":["GET"]}}],"collection":[{"href":"https:\/\/www.petranyijozsef.hu\/en\/wp-json\/wp\/v2\/pages"}],"about":[{"href":"https:\/\/www.petranyijozsef.hu\/en\/wp-json\/wp\/v2\/types\/page"}],"author":[{"embeddable":true,"href":"https:\/\/www.petranyijozsef.hu\/en\/wp-json\/wp\/v2\/users\/1"}],"replies":[{"embeddable":true,"href":"https:\/\/www.petranyijozsef.hu\/en\/wp-json\/wp\/v2\/comments?post=2124"}],"version-history":[{"count":5,"href":"https:\/\/www.petranyijozsef.hu\/en\/wp-json\/wp\/v2\/pages\/2124\/revisions"}],"predecessor-version":[{"id":2382,"href":"https:\/\/www.petranyijozsef.hu\/en\/wp-json\/wp\/v2\/pages\/2124\/revisions\/2382"}],"wp:attachment":[{"href":"https:\/\/www.petranyijozsef.hu\/en\/wp-json\/wp\/v2\/media?parent=2124"}],"curies":[{"name":"wp","href":"https:\/\/api.w.org\/{rel}","templated":true}]}}