{"id":1984,"date":"2020-01-22T01:55:45","date_gmt":"2020-01-22T00:55:45","guid":{"rendered":"https:\/\/www.petranyijozsef.hu\/?page_id=1984"},"modified":"2026-01-22T10:19:30","modified_gmt":"2026-01-22T09:19:30","slug":"home-2","status":"publish","type":"page","link":"https:\/\/www.petranyijozsef.hu\/en\/","title":{"rendered":"Home"},"content":{"rendered":"<h2>\n\t\tDOMESTIC AND INTERNATIONAL SHIPPING\n\t<\/h2>\n\t\t\t<a href=\"\/en\/#about-us\" target=\"_self\"   role=\"button\">\n\t\t\t\t\t\t\tOUR STORY\n\t\t<\/a>\n\t\t\t<a href=\"\/en\/#contact\" target=\"_self\"   role=\"button\">\n\t\t\t\t\t\t\tASK FOR A QUOTE!\n\t\t<\/a>\n<h2>\n\t\tSOLUTION FOR SPECIAL NEEDS\n\t<\/h2>\n\t<h4>Whether you need a modification in the last minute, or a full-scale solution,<br \/>\nwe keep your needs at heart.<\/h4>\n\t\t\t\t<img loading=\"lazy\" decoding=\"async\" src=\"https:\/\/www.petranyijozsef.hu\/wp-content\/uploads\/2025\/11\/fsa-rgb-x204.png\" alt=\"GMP+ Feed Safety Assurance\" itemprop=\"image\" height=\"204\" width=\"236\" title=\"GMP+ Feed Safety Assurance\" onerror=\"this.style.display='none'\"  \/>\n\t\t\t\t<img loading=\"lazy\" decoding=\"async\" src=\"https:\/\/www.petranyijozsef.hu\/wp-content\/uploads\/2018\/02\/MKFE-logo.jpg\" alt=\"MKFE-logo\" itemprop=\"image\" height=\"108\" width=\"107\" title=\"MKFE-logo\" onerror=\"this.style.display='none'\"  \/>\n<h2>\n\t\t30 YEARS IN LOGISTICS\n\t<\/h2>\n\t\t\t\t<section id=\"cd-timeline\" class=\"cd-container timeline-express\">\n\n\t\t\t\n<div class=\"cd-timeline-block january 01 1987 announcement-1784 petranyi-timeline-left year-icon\">\n\n\t\n\t\t<div class=\"cd-timeline-img cd-picture icon-no-readmore\" style=\"background:#f1b183;\">\n\n\t\t\t<!-- Custom Action Hook -->\n\t\t\t\n\t\t\t\t<!-- Standard Font Awesome Icon -->\n\t\t\t\t<span class=\"year\">\n\n\t\t\t\t\t<strong>\n\n\t\t\t\t\t\t1987\n\t\t\t\t\t<\/strong>\n\n\t\t\t\t<\/span>\n\n\t\t\t\n\t\t<\/div> <!-- cd-timeline-img -->\n\n\t\n\t<!-- Timeline Content -->\n\t<div class=\"cd-timeline-content\">\n\n\t\t\n\t\t<!-- Announcement Title -->\n\t\t<div class=\"cd-timeline-title-container\">\n\n\t\t\t\n\t\t\t<h2 class=\"cd-timeline-item-title\">\n\t\t\t\tFOUNDATION\t\t\t<\/h2>\n\n\t\t\t\t\t<\/div>\n\t\t<!-- End Announcement Title -->\n\n\t\t<img loading=\"lazy\" decoding=\"async\" width=\"350\" height=\"120\" src=\"https:\/\/www.petranyijozsef.hu\/wp-content\/uploads\/2017\/11\/IFA-W_50-350x120.jpg\" class=\"announcement-banner-image\" alt=\"FOUNDATION\" \/>\n\t\t<!-- Announcement Excerpt -->\n\t\t<div class=\"the-excerpt\">\n\t\t\t<p>The business started in March 1987 when an IFA truck was bought only to satisfy the needs of a small construction company. Capitalizing local opportunities and the knowledge of the industry, we saw the development in gravel transport, hence we bought more trucks. Following the change of regime, an increase in demands led us to increase our transport capacities.<\/p>\n\t\t<\/div>\n\t\t<!-- End Announcement Excerpt -->\n\n\t\t\n\t<\/div>\n\t<!-- End Timeline Content -->\n\n<\/div>\n<!-- End Timeline Block -->\n\n<div class=\"cd-timeline-block january 01 2002 announcement-1785 petranyi-timeline-right year-icon\">\n\n\t\n\t\t<div class=\"cd-timeline-img cd-picture icon-no-readmore\" style=\"background:#e5532e;\">\n\n\t\t\t<!-- Custom Action Hook -->\n\t\t\t\n\t\t\t\t<!-- Standard Font Awesome Icon -->\n\t\t\t\t<span class=\"year\">\n\n\t\t\t\t\t<strong>\n\n\t\t\t\t\t\t2002\n\t\t\t\t\t<\/strong>\n\n\t\t\t\t<\/span>\n\n\t\t\t\n\t\t<\/div> <!-- cd-timeline-img -->\n\n\t\n\t<!-- Timeline Content -->\n\t<div class=\"cd-timeline-content\">\n\n\t\t\n\t\t<!-- Announcement Title -->\n\t\t<div class=\"cd-timeline-title-container\">\n\n\t\t\t\n\t\t\t<h2 class=\"cd-timeline-item-title\">\n\t\t\t\tSITE\t\t\t<\/h2>\n\n\t\t\t\t\t<\/div>\n\t\t<!-- End Announcement Title -->\n\n\t\t<img loading=\"lazy\" decoding=\"async\" width=\"350\" height=\"120\" src=\"https:\/\/www.petranyijozsef.hu\/wp-content\/uploads\/2017\/11\/petranyi-jozsef-telephely-350x120.jpg\" class=\"announcement-banner-image\" alt=\"SITE\" \/>\n\t\t<!-- Announcement Excerpt -->\n\t\t<div class=\"the-excerpt\">\n\t\t\t<p>In 2002, the need to buy a main site arose, which set new targets for our family business. In order to adapt to market demand, our business is also engaged in international transport. The increase in the number of trucks required a service staff, then a separate service department.<\/p>\n\t\t<\/div>\n\t\t<!-- End Announcement Excerpt -->\n\n\t\t\n\t<\/div>\n\t<!-- End Timeline Content -->\n\n<\/div>\n<!-- End Timeline Block -->\n\n<div class=\"cd-timeline-block january 01 2010 announcement-1786 petranyi-timeline-left year-icon\">\n\n\t\n\t\t<div class=\"cd-timeline-img cd-picture icon-no-readmore\" style=\"background:#f10b25;\">\n\n\t\t\t<!-- Custom Action Hook -->\n\t\t\t\n\t\t\t\t<!-- Standard Font Awesome Icon -->\n\t\t\t\t<span class=\"year\">\n\n\t\t\t\t\t<strong>\n\n\t\t\t\t\t\t2010\n\t\t\t\t\t<\/strong>\n\n\t\t\t\t<\/span>\n\n\t\t\t\n\t\t<\/div> <!-- cd-timeline-img -->\n\n\t\n\t<!-- Timeline Content -->\n\t<div class=\"cd-timeline-content\">\n\n\t\t\n\t\t<!-- Announcement Title -->\n\t\t<div class=\"cd-timeline-title-container\">\n\n\t\t\t\n\t\t\t<h2 class=\"cd-timeline-item-title\">\n\t\t\t\tTHE COMPANY\t\t\t<\/h2>\n\n\t\t\t\t\t<\/div>\n\t\t<!-- End Announcement Title -->\n\n\t\t<img loading=\"lazy\" decoding=\"async\" width=\"350\" height=\"120\" src=\"https:\/\/www.petranyijozsef.hu\/wp-content\/uploads\/2017\/11\/petranyi-jozsef-mercedes-350x120.jpg\" class=\"announcement-banner-image\" alt=\"THE COMPANY\" \/>\n\t\t<!-- Announcement Excerpt -->\n\t\t<div class=\"the-excerpt\">\n\t\t\t<p>In 2010, moving from sole trading, with legal succession, to limited company, called Petr\u00e1nyi J\u00f3zsef Fuvaroz\u00f3 Kft. Currently, there are 80 trucks working for the limited company performing national and international freight transport.<\/p>\n\t\t<\/div>\n\t\t<!-- End Announcement Excerpt -->\n\n\t\t\n\t<\/div>\n\t<!-- End Timeline Content -->\n\n<\/div>\n<!-- End Timeline Block -->\n\n\t\t\t<\/section>\n\n\t\t\t<!-- Timeline Express Free v1.8.1 | Site: https:\/\/www.wp-timelineexpress.com | Author: CodeParrots - http:\/\/www.codeparrots.com -->\n<h2>\n\t\tEVERYTHING FROM A TO Z, FROM A TO B\n\t<\/h2>\n\t\t\t\t<img decoding=\"async\" src=\"https:\/\/www.petranyijozsef.hu\/wp-content\/uploads\/2017\/10\/petranyi-jozsef-omlesztettaru-szallitas-ikon-150x78.png\" alt=\"petranyi-jozsef-omlesztettaru-szallitas-ikon\" itemprop=\"image\"\/>\n\t\t<h3>BULK TRANSPORT<\/h3>\n\t\t\t\t<p>Gravel, sand, stone, gravel, waste.<br \/>Grain, fodder.<\/p>\n\t\t\t\t<img decoding=\"async\" src=\"https:\/\/www.petranyijozsef.hu\/wp-content\/uploads\/2017\/10\/petranyi-jozsef-silos-szallitas-ikon.png\" alt=\"petranyi-jozsef-silos-szallitas-ikon\" itemprop=\"image\"\/>\n\t\t<h3>SILO TRANSPORTATION<\/h3>\n\t\t\t\t<p>Cement, limestone, gypsum, plaster.<br \/>Fodder, flour.<\/p>\n\t\t\t\t<img decoding=\"async\" src=\"https:\/\/www.petranyijozsef.hu\/wp-content\/uploads\/2017\/10\/petranyi-jozsef-raklapos-aruk-ikon.png\" alt=\"petranyi-jozsef-raklapos-aruk-ikon\" itemprop=\"image\"\/>\n\t\t<h3>PALLETISED GOODS<\/h3>\n\t\t\t\t<p>Building materials with self-loading and fixed load vehicles.<br \/>Fodder, other packed goods.<\/p>\n\t\t\t\t<img decoding=\"async\" src=\"https:\/\/www.petranyijozsef.hu\/wp-content\/uploads\/2025\/11\/distribution-center.png\" alt=\"Petr\u00e1nyi J\u00f3zsef - Rakt\u00e1r\" itemprop=\"image\"\/>\n\t\t<h3>FURTHER SERVICES<\/h3>\n\t\t\t\tWarehousing and logistics services.\nTrade of bulk building materials.\nMechanical earthwork.\n<h2>\n\t\tWHERE YOU CAN REACH US\n\t<\/h2>\n<h4>\n\t\tPetr\u00e1nyi J\u00f3zsef Fuvaroz\u00f3 Kft.\n\t<\/h4>\n\tH-2371 Dabas, Als\u00f3besny\u0151 major 9.<br \/>\nTelefon: +36 30 955 6399\n<h5>\n\t\tManaging Director\n\t<\/h5>\n\t<p>PETR\u00c1NYI ZOLT\u00c1N<\/p>\n<p> <a href=\"&#109;&#x61;i&#108;&#x74;o&#x3a;&#x70;&#101;&#x74;r&#97;&#x6e;y&#105;&#x40;&#112;&#x65;t&#114;&#x61;n&#121;&#x69;&#106;&#x6f;&#x7a;&#115;&#x65;f&#46;&#x68;u\">&#112;e&#x74;r&#x61;n&#x79;i&#x40;p&#x65;t&#x72;&#97;&#x6e;&#121;&#x69;&#106;&#x6f;&#122;&#x73;&#101;&#x66;&#46;&#x68;&#117;<\/a><\/p>\n<h5>\n\t\tManaging Director\n\t<\/h5>\n\t<p>PETR\u00c1NYI J\u00d3ZSEF<\/p>\n<p> <a href=\"&#x6d;a&#x69;&#108;&#x74;&#111;:&#x70;&#101;&#x74;&#114;a&#x6e;&#121;&#x69;&#46;j&#x6f;z&#x73;&#101;&#x66;&#x40;p&#x65;&#116;&#x72;&#97;n&#x79;&#105;&#x6a;&#111;z&#x73;e&#x66;&#46;h&#x75;\">&#112;&#x65;t&#x72;&#x61;&#110;&#x79;i&#x2e;&#x6a;&#111;&#x7a;s&#x65;&#x66;&#64;&#x70;e&#x74;&#x72;&#97;&#x6e;y&#x69;&#x6a;&#111;&#x7a;s&#x65;&#x66;&#46;&#x68;u<\/a><\/p>\n<h5>\n\t\tFinance\n\t<\/h5>\n\t<p>PETR\u00c1NYIN\u00c9 KOV\u00c1CS BEATRIX<\/p>\n <a href=\"tel:+36304475513\">+36 30 447 55 13<\/a><br \/>\n <a href=\"&#x6d;&#x61;&#x69;&#x6c;&#116;&#111;&#58;pe&#x74;&#x72;&#x61;&#x6e;&#x79;&#105;&#46;&#98;et&#x74;&#x69;&#x40;&#x70;&#x65;&#116;&#114;&#97;ny&#x69;&#x6a;&#x6f;&#x7a;&#x73;&#101;&#102;&#46;hu\">&#x70;&#x65;&#116;r&#x61;&#x6e;&#x79;&#105;&#46;&#x62;&#x65;&#x74;&#116;i&#x40;&#x70;&#x65;&#116;r&#x61;&#x6e;&#x79;&#105;j&#x6f;&#x7a;&#x73;&#101;f&#x2e;&#x68;&#x75;<\/a>\n<h5>\n\t\tFreight Forwarding\n\t<\/h5>\n\t<p>JELENEK VIKTOR<\/p>\n <a href=\"tel:+36301903430\">+36 30 190 34 30<\/a><br \/>\n <a href=\"&#109;&#x61;i&#108;&#x74;&#111;&#x3a;j&#101;&#x6c;e&#x6e;&#x65;&#107;&#x2e;v&#105;&#x6b;t&#x6f;&#x72;&#64;&#x70;e&#116;&#x72;&#97;&#x6e;y&#105;&#x6a;o&#122;&#x73;&#101;&#x66;&#46;&#104;&#x75;\">je&#108;&#101;&#110;&#101;&#x6b;&#x2e;&#x76;&#x69;&#x6b;to&#114;&#64;&#112;&#101;&#x74;&#x72;&#x61;&#x6e;&#x79;ij&#111;&#122;&#115;&#101;&#x66;&#x2e;&#x68;&#x75;<\/a>\n\t<p>K\u00d6RMENDI \u00c1D\u00c1M<\/p>\n <a href=\"tel:+36 70 324 2749\">+36703242749<\/a><br \/>\n <a href=\"&#x6d;&#x61;&#x69;&#108;&#116;&#111;:k&#x6f;&#x72;&#x6d;&#x65;&#110;&#100;i&#46;&#x61;&#x64;&#x61;&#x6d;&#64;&#112;et&#x72;&#x61;&#x6e;&#x79;&#105;&#106;&#111;zs&#x65;&#x66;&#x2e;&#x68;&#117;\">&#x6b;&#111;r&#x6d;&#101;n&#x64;&#x69;&#46;&#x61;&#x64;&#97;m&#x40;&#112;e&#x74;&#x72;&#97;&#x6e;&#x79;&#105;j&#x6f;&#122;s&#x65;&#x66;&#46;&#x68;&#x75;<\/a>\n\t<p>POLYOVKA \u00c1D\u00c1M<\/p>\n <a href=\"tel:+36302427335\">+36 30 242 73 35<\/a><br \/>\n <a href=\"&#109;a&#x69;l&#x74;o&#x3a;p&#x6f;l&#x79;o&#x76;&#107;&#x61;&#46;&#x61;&#100;&#x61;&#109;&#x40;&#112;&#x65;&#116;&#x72;&#97;n&#x79;i&#x6a;o&#x7a;s&#x65;f&#x2e;h&#x75;\">&#x70;&#111;&#108;&#x79;&#x6f;&#118;&#107;&#x61;&#x2e;&#97;&#100;&#x61;&#x6d;&#64;&#112;&#x65;&#x74;&#114;&#97;&#x6e;&#x79;&#105;&#106;&#x6f;&#x7a;&#115;&#101;&#x66;&#x2e;&#104;&#117;<\/a>\n\t<p>TURCS\u00c1NY B\u00c1LINT<\/p>\n <a href=\"tel:+36306521754\">+36 30 652 17 54<\/a><br \/>\n <a href=\"m&#97;&#x69;&#x6c;t&#111;&#58;&#x74;&#x75;r&#99;&#115;&#x61;&#x6e;y&#46;&#x62;&#x61;&#x6c;i&#110;&#x74;&#x40;p&#101;&#116;&#x72;&#x61;n&#121;&#105;&#x6a;&#x6f;z&#115;&#x65;&#x66;&#x2e;h&#117; \">&#x74;&#x75;&#x72;&#x63;&#x73;&#97;&#110;&#121;&#46;bal&#x69;&#x6e;&#x74;&#x40;&#x70;&#x65;&#116;&#114;&#97;nyi&#x6a;&#x6f;&#x7a;&#x73;&#x65;&#x66;&#46;&#104;&#117;<\/a>\n<h5>\n\t\tAdministration\n\t<\/h5>\n\t<p>HARMINCZ ERIKA<\/p>\n <a href=\"tel:+36302849707\">+36 30 284 9707 <\/a><br \/>\n <a href=\"&#x6d;&#97;i&#x6c;&#x74;&#111;:&#x68;&#x61;&#114;m&#x69;&#110;c&#x7a;&#x2e;&#101;r&#x69;&#x6b;&#97;&#64;&#x70;&#101;&#116;&#x72;&#x61;&#110;y&#x69;&#x6a;&#111;z&#x73;&#101;&#102;&#46;&#x68;&#117; \">harmin&#99;&#122;&#46;&#101;&#114;&#105;&#107;&#x61;&#x40;&#x70;&#x65;&#x74;&#x72;&#x61;&#x6e;&#x79;&#x69;&#x6a;&#x6f;zsef&#46;h&#117;<\/a>\n\t<p>PETR\u00c1NYIN\u00c9 SZMREK EDINA<\/p>\n<p> <a href=\"tel:+36306106482\">+36 30 610 6482<\/a><\/p>\n\t<p>KOTL\u00c1RN\u00c9 SZAB\u00d3 KLAUDIA EM\u0150KE<\/p>\n\n <a href=\"&#109;a&#x69;l&#x74;o&#x3a;s&#x7a;a&#x62;o&#x2e;&#107;&#x6c;&#97;&#x75;&#100;&#x69;&#97;&#x40;&#112;&#x65;&#116;&#x72;&#97;n&#x79;i&#x6a;o&#x7a;s&#x65;f&#x2e;h&#x75;\">&#115;&#x7a;a&#98;&#x6f;&#46;&#107;&#x6c;a&#117;&#x64;i&#97;&#x40;&#112;&#x65;&#x74;&#114;&#x61;&#x6e;&#121;&#x69;j&#111;&#x7a;s&#101;&#x66;&#46;&#104;&#x75;<\/a>\n\t<p>H\u00d6R\u00d6MP\u0150 ANDREA<\/p>\n <a href=\"tel:+36303506849\">+36 30 350 6849 <\/a><br \/>\n <a href=\"&#x6d;&#x61;&#105;&#108;to&#x3a;&#x68;&#x6f;&#114;om&#x70;&#x6f;&#x2e;&#97;&#110;d&#x72;&#x65;&#x61;&#64;&#112;e&#x74;&#x72;&#x61;&#110;&#121;ij&#x6f;&#x7a;&#x73;&#101;f&#46;&#x68;&#x75; \">&#x68;&#x6f;&#x72;&#x6f;&#x6d;&#x70;&#x6f;&#x2e;&#x61;&#x6e;&#x64;&#x72;&#x65;&#x61;&#x40;&#x70;&#x65;&#x74;&#x72;&#x61;&#x6e;&#x79;&#x69;&#x6a;&#x6f;&#x7a;&#x73;&#x65;&#x66;&#x2e;&#x68;&#x75;<\/a>\n\t<p>KARSZ\u00c1N\u00c9 KOLL\u00c1R KLAUDIA<\/p>\n\n <a href=\"tel:+36300818572\">+36 30 081 8572<\/a><br \/>\n <a href=\"&#109;&#x61;&#105;&#x6c;t&#x6f;:&#107;&#x6f;&#108;&#x6c;&#97;&#x72;&#46;&#x6b;l&#97;&#x75;&#100;&#x69;a&#x40;p&#x65;&#x74;&#114;&#x61;&#110;&#x79;i&#x6a;o&#122;&#x73;&#101;&#x66;&#46;&#x68;u\">ko&#108;&#108;&#97;&#114;&#x2e;&#x6b;&#x6c;&#x61;&#x75;di&#97;&#64;&#112;&#101;&#x74;&#x72;&#x61;&#x6e;&#x79;ij&#111;&#122;&#115;&#101;&#x66;&#x2e;&#x68;&#x75;<\/a>\n<h5>\n\t\tWarehouse Manager\n\t<\/h5>\n\t<p>FARKAS G\u00c1BOR<\/p>\n <a href=\"tel:+36301579979\">+36 30 157 9979 <\/a><br \/>\n <a href=\"&#x6d;&#x61;&#x69;&#x6c;&#116;&#111;:ra&#x6b;&#x74;&#x61;&#x72;&#64;&#112;etr&#x61;&#x6e;&#x79;&#x69;&#106;&#111;&#122;se&#x66;&#x2e;&#x68;&#x75; \">&#114;&#x61;&#107;&#x74;&#97;&#x72;&#64;&#x70;e&#x74;r&#97;&#x6e;&#121;&#x69;&#106;&#x6f;&#122;&#x73;e&#x66;&#46;&#x68;u<\/a>\n","protected":false},"excerpt":{"rendered":"<p>DOMESTIC AND INTERNATIONAL SHIPPING OUR STORY ASK FOR A QUOTE! SOLUTION FOR SPECIAL NEEDS Whether you need a modification in the last minute, or a full-scale solution, we keep your needs at heart. 30 YEARS IN LOGISTICS EVERYTHING FROM A TO Z, FROM A TO B BULK TRANSPORT Gravel, sand, stone, gravel, waste.Grain, fodder. SILO TRANSPORTATION Cement, limestone, gypsum, plaster.Fodder,<\/p>\n","protected":false},"author":1,"featured_media":0,"parent":0,"menu_order":0,"comment_status":"closed","ping_status":"closed","template":"","meta":{"footnotes":""},"class_list":["post-1984","page","type-page","status-publish","hentry"],"yoast_head":"<!-- This site is optimized with the Yoast SEO plugin v19.9 - https:\/\/yoast.com\/wordpress\/plugins\/seo\/ -->\n<title>Petr\u00e1nyi J\u00f3zsef Fuvaroz\u00f3 Kft. - Domestic and International Shipping<\/title>\n<meta name=\"description\" content=\"Domestic and International Shipping Bulk transport, palletised goods, silo transportation, warehousing and logistics services. Contact us.\" \/>\n<meta name=\"robots\" content=\"index, follow, max-snippet:-1, max-image-preview:large, max-video-preview:-1\" \/>\n<link rel=\"canonical\" href=\"https:\/\/www.petranyijozsef.hu\/en\/\" \/>\n<meta property=\"og:locale\" content=\"en_US\" \/>\n<meta property=\"og:type\" content=\"article\" \/>\n<meta property=\"og:title\" content=\"Petr\u00e1nyi J\u00f3zsef Fuvaroz\u00f3 Kft. - Domestic and International Shipping\" \/>\n<meta property=\"og:description\" content=\"Domestic and International Shipping Bulk transport, palletised goods, silo transportation, warehousing and logistics services. Contact us.\" \/>\n<meta property=\"og:url\" content=\"https:\/\/www.petranyijozsef.hu\/en\/\" \/>\n<meta property=\"og:site_name\" content=\"Petr\u00e1nyi J\u00f3zsef Fuvaroz\u00f3 Kft.\" \/>\n<meta property=\"article:modified_time\" content=\"2026-01-22T09:19:30+00:00\" \/>\n<meta property=\"og:image\" content=\"https:\/\/www.petranyijozsef.hu\/wp-content\/uploads\/2025\/11\/fsa-rgb-x204.png\" \/>\n<meta name=\"twitter:card\" content=\"summary_large_image\" \/>\n<meta name=\"twitter:label1\" content=\"Est. reading time\" \/>\n\t<meta name=\"twitter:data1\" content=\"1 minute\" \/>\n<script type=\"application\/ld+json\" class=\"yoast-schema-graph\">{\"@context\":\"https:\/\/schema.org\",\"@graph\":[{\"@type\":\"WebPage\",\"@id\":\"https:\/\/www.petranyijozsef.hu\/en\/\",\"url\":\"https:\/\/www.petranyijozsef.hu\/en\/\",\"name\":\"Petr\u00e1nyi J\u00f3zsef Fuvaroz\u00f3 Kft. - Domestic and International Shipping\",\"isPartOf\":{\"@id\":\"https:\/\/www.petranyijozsef.hu\/#website\"},\"datePublished\":\"2020-01-22T00:55:45+00:00\",\"dateModified\":\"2026-01-22T09:19:30+00:00\",\"description\":\"Domestic and International Shipping Bulk transport, palletised goods, silo transportation, warehousing and logistics services. Contact us.\",\"breadcrumb\":{\"@id\":\"https:\/\/www.petranyijozsef.hu\/en\/#breadcrumb\"},\"inLanguage\":\"en-US\",\"potentialAction\":[{\"@type\":\"ReadAction\",\"target\":[\"https:\/\/www.petranyijozsef.hu\/en\/\"]}]},{\"@type\":\"BreadcrumbList\",\"@id\":\"https:\/\/www.petranyijozsef.hu\/en\/#breadcrumb\",\"itemListElement\":[{\"@type\":\"ListItem\",\"position\":1,\"name\":\"Home\",\"item\":\"https:\/\/www.petranyijozsef.hu\/en\/\"},{\"@type\":\"ListItem\",\"position\":2,\"name\":\"Home\"}]},{\"@type\":\"WebSite\",\"@id\":\"https:\/\/www.petranyijozsef.hu\/#website\",\"url\":\"https:\/\/www.petranyijozsef.hu\/\",\"name\":\"Petr\u00e1nyi J\u00f3zsef Fuvaroz\u00f3 Kft.\",\"description\":\"Belf\u00f6ldi \u00e9s nemzetk\u00f6zi fuvaroz\u00e1s. \u00d6mlesztett\u00e1ru-sz\u00e1ll\u00edt\u00e1s, raklapos \u00e1ruk, sil\u00f3s sz\u00e1ll\u00edt\u00e1s, rakt\u00e1roz\u00e1s, logisztikai szolg\u00e1tat\u00e1sok.\",\"potentialAction\":[{\"@type\":\"SearchAction\",\"target\":{\"@type\":\"EntryPoint\",\"urlTemplate\":\"https:\/\/www.petranyijozsef.hu\/?s={search_term_string}\"},\"query-input\":\"required name=search_term_string\"}],\"inLanguage\":\"en-US\"}]}<\/script>\n<!-- \/ Yoast SEO plugin. -->","yoast_head_json":{"title":"Petr\u00e1nyi J\u00f3zsef Fuvaroz\u00f3 Kft. - Domestic and International Shipping","description":"Domestic and International Shipping Bulk transport, palletised goods, silo transportation, warehousing and logistics services. Contact us.","robots":{"index":"index","follow":"follow","max-snippet":"max-snippet:-1","max-image-preview":"max-image-preview:large","max-video-preview":"max-video-preview:-1"},"canonical":"https:\/\/www.petranyijozsef.hu\/en\/","og_locale":"en_US","og_type":"article","og_title":"Petr\u00e1nyi J\u00f3zsef Fuvaroz\u00f3 Kft. - Domestic and International Shipping","og_description":"Domestic and International Shipping Bulk transport, palletised goods, silo transportation, warehousing and logistics services. Contact us.","og_url":"https:\/\/www.petranyijozsef.hu\/en\/","og_site_name":"Petr\u00e1nyi J\u00f3zsef Fuvaroz\u00f3 Kft.","article_modified_time":"2026-01-22T09:19:30+00:00","og_image":[{"url":"https:\/\/www.petranyijozsef.hu\/wp-content\/uploads\/2025\/11\/fsa-rgb-x204.png"}],"twitter_card":"summary_large_image","twitter_misc":{"Est. reading time":"1 minute"},"schema":{"@context":"https:\/\/schema.org","@graph":[{"@type":"WebPage","@id":"https:\/\/www.petranyijozsef.hu\/en\/","url":"https:\/\/www.petranyijozsef.hu\/en\/","name":"Petr\u00e1nyi J\u00f3zsef Fuvaroz\u00f3 Kft. - Domestic and International Shipping","isPartOf":{"@id":"https:\/\/www.petranyijozsef.hu\/#website"},"datePublished":"2020-01-22T00:55:45+00:00","dateModified":"2026-01-22T09:19:30+00:00","description":"Domestic and International Shipping Bulk transport, palletised goods, silo transportation, warehousing and logistics services. Contact us.","breadcrumb":{"@id":"https:\/\/www.petranyijozsef.hu\/en\/#breadcrumb"},"inLanguage":"en-US","potentialAction":[{"@type":"ReadAction","target":["https:\/\/www.petranyijozsef.hu\/en\/"]}]},{"@type":"BreadcrumbList","@id":"https:\/\/www.petranyijozsef.hu\/en\/#breadcrumb","itemListElement":[{"@type":"ListItem","position":1,"name":"Home","item":"https:\/\/www.petranyijozsef.hu\/en\/"},{"@type":"ListItem","position":2,"name":"Home"}]},{"@type":"WebSite","@id":"https:\/\/www.petranyijozsef.hu\/#website","url":"https:\/\/www.petranyijozsef.hu\/","name":"Petr\u00e1nyi J\u00f3zsef Fuvaroz\u00f3 Kft.","description":"Belf\u00f6ldi \u00e9s nemzetk\u00f6zi fuvaroz\u00e1s. \u00d6mlesztett\u00e1ru-sz\u00e1ll\u00edt\u00e1s, raklapos \u00e1ruk, sil\u00f3s sz\u00e1ll\u00edt\u00e1s, rakt\u00e1roz\u00e1s, logisztikai szolg\u00e1tat\u00e1sok.","potentialAction":[{"@type":"SearchAction","target":{"@type":"EntryPoint","urlTemplate":"https:\/\/www.petranyijozsef.hu\/?s={search_term_string}"},"query-input":"required name=search_term_string"}],"inLanguage":"en-US"}]}},"_links":{"self":[{"href":"https:\/\/www.petranyijozsef.hu\/en\/wp-json\/wp\/v2\/pages\/1984","targetHints":{"allow":["GET"]}}],"collection":[{"href":"https:\/\/www.petranyijozsef.hu\/en\/wp-json\/wp\/v2\/pages"}],"about":[{"href":"https:\/\/www.petranyijozsef.hu\/en\/wp-json\/wp\/v2\/types\/page"}],"author":[{"embeddable":true,"href":"https:\/\/www.petranyijozsef.hu\/en\/wp-json\/wp\/v2\/users\/1"}],"replies":[{"embeddable":true,"href":"https:\/\/www.petranyijozsef.hu\/en\/wp-json\/wp\/v2\/comments?post=1984"}],"version-history":[{"count":43,"href":"https:\/\/www.petranyijozsef.hu\/en\/wp-json\/wp\/v2\/pages\/1984\/revisions"}],"predecessor-version":[{"id":2386,"href":"https:\/\/www.petranyijozsef.hu\/en\/wp-json\/wp\/v2\/pages\/1984\/revisions\/2386"}],"wp:attachment":[{"href":"https:\/\/www.petranyijozsef.hu\/en\/wp-json\/wp\/v2\/media?parent=1984"}],"curies":[{"name":"wp","href":"https:\/\/api.w.org\/{rel}","templated":true}]}}