{"id":2129,"date":"2021-06-22T00:11:48","date_gmt":"2021-06-21T23:11:48","guid":{"rendered":"https:\/\/www.petranyijozsef.hu\/certificates\/"},"modified":"2025-12-15T11:14:05","modified_gmt":"2025-12-15T10:14:05","slug":"zertifikate","status":"publish","type":"page","link":"https:\/\/www.petranyijozsef.hu\/de\/zertifikate\/","title":{"rendered":"Zertifikate"},"content":{"rendered":"<h2>\n\t\tZERTIFIKATE\n\t<\/h2>\n\t<a href=\"https:\/\/www.petranyijozsef.hu\/wp-content\/uploads\/2021\/05\/petranyi-jozsef-iso-202105-25.pdf\" class=\"pdfemb-viewer\" style=\"\" data-width=\"max\" data-height=\"max\"  data-toolbar=\"bottom\" data-toolbar-fixed=\"off\">petranyi-jozsef-iso-202105-25<br\/><\/a>\n\t<a href=\"https:\/\/www.petranyijozsef.hu\/wp-content\/uploads\/2025\/12\/certificate-GMP.pdf\" class=\"pdfemb-viewer\" style=\"\" data-width=\"max\" data-height=\"max\"  data-toolbar=\"bottom\" data-toolbar-fixed=\"off\">certificate-GMP<br\/><\/a>\n\t<a href=\"https:\/\/www.petranyijozsef.hu\/wp-content\/uploads\/2021\/06\/ISO-tanusitvany.pdf\" class=\"pdfemb-viewer\" style=\"\" data-width=\"max\" data-height=\"max\"  data-toolbar=\"bottom\" data-toolbar-fixed=\"off\">ISO-tanusitvany<br\/><\/a>\n","protected":false},"excerpt":{"rendered":"<p>ZERTIFIKATE<\/p>\n","protected":false},"author":1,"featured_media":0,"parent":0,"menu_order":0,"comment_status":"closed","ping_status":"closed","template":"","meta":{"footnotes":""},"class_list":["post-2129","page","type-page","status-publish","hentry"],"yoast_head":"<!-- This site is optimized with the Yoast SEO plugin v19.9 - https:\/\/yoast.com\/wordpress\/plugins\/seo\/ -->\n<title>Zertifikate - Petr\u00e1nyi J\u00f3zsef Fuvaroz\u00f3 Kft.<\/title>\n<meta name=\"robots\" content=\"index, follow, max-snippet:-1, max-image-preview:large, max-video-preview:-1\" \/>\n<link rel=\"canonical\" href=\"https:\/\/www.petranyijozsef.hu\/de\/zertifikate\/\" \/>\n<meta property=\"og:locale\" content=\"de_DE\" \/>\n<meta property=\"og:type\" content=\"article\" \/>\n<meta property=\"og:title\" content=\"Zertifikate - Petr\u00e1nyi J\u00f3zsef Fuvaroz\u00f3 Kft.\" \/>\n<meta property=\"og:description\" content=\"ZERTIFIKATE\" \/>\n<meta property=\"og:url\" content=\"https:\/\/www.petranyijozsef.hu\/de\/zertifikate\/\" \/>\n<meta property=\"og:site_name\" content=\"Petr\u00e1nyi J\u00f3zsef Fuvaroz\u00f3 Kft.\" \/>\n<meta property=\"article:modified_time\" content=\"2025-12-15T10:14:05+00:00\" \/>\n<meta name=\"twitter:card\" content=\"summary_large_image\" \/>\n<meta name=\"twitter:label1\" content=\"Gesch\u00e4tzte Lesezeit\" \/>\n\t<meta name=\"twitter:data1\" content=\"1\u00a0Minute\" \/>\n<script type=\"application\/ld+json\" class=\"yoast-schema-graph\">{\"@context\":\"https:\/\/schema.org\",\"@graph\":[{\"@type\":\"WebPage\",\"@id\":\"https:\/\/www.petranyijozsef.hu\/de\/zertifikate\/\",\"url\":\"https:\/\/www.petranyijozsef.hu\/de\/zertifikate\/\",\"name\":\"Zertifikate - Petr\u00e1nyi J\u00f3zsef Fuvaroz\u00f3 Kft.\",\"isPartOf\":{\"@id\":\"https:\/\/www.petranyijozsef.hu\/#website\"},\"datePublished\":\"2021-06-21T23:11:48+00:00\",\"dateModified\":\"2025-12-15T10:14:05+00:00\",\"breadcrumb\":{\"@id\":\"https:\/\/www.petranyijozsef.hu\/de\/zertifikate\/#breadcrumb\"},\"inLanguage\":\"de\",\"potentialAction\":[{\"@type\":\"ReadAction\",\"target\":[\"https:\/\/www.petranyijozsef.hu\/de\/zertifikate\/\"]}]},{\"@type\":\"BreadcrumbList\",\"@id\":\"https:\/\/www.petranyijozsef.hu\/de\/zertifikate\/#breadcrumb\",\"itemListElement\":[{\"@type\":\"ListItem\",\"position\":1,\"name\":\"Home\",\"item\":\"https:\/\/www.petranyijozsef.hu\/de\/\"},{\"@type\":\"ListItem\",\"position\":2,\"name\":\"Zertifikate\"}]},{\"@type\":\"WebSite\",\"@id\":\"https:\/\/www.petranyijozsef.hu\/#website\",\"url\":\"https:\/\/www.petranyijozsef.hu\/\",\"name\":\"Petr\u00e1nyi J\u00f3zsef Fuvaroz\u00f3 Kft.\",\"description\":\"Belf\u00f6ldi \u00e9s nemzetk\u00f6zi fuvaroz\u00e1s. \u00d6mlesztett\u00e1ru-sz\u00e1ll\u00edt\u00e1s, raklapos \u00e1ruk, sil\u00f3s sz\u00e1ll\u00edt\u00e1s, rakt\u00e1roz\u00e1s, logisztikai szolg\u00e1tat\u00e1sok.\",\"potentialAction\":[{\"@type\":\"SearchAction\",\"target\":{\"@type\":\"EntryPoint\",\"urlTemplate\":\"https:\/\/www.petranyijozsef.hu\/?s={search_term_string}\"},\"query-input\":\"required name=search_term_string\"}],\"inLanguage\":\"de\"}]}<\/script>\n<!-- \/ Yoast SEO plugin. -->","yoast_head_json":{"title":"Zertifikate - Petr\u00e1nyi J\u00f3zsef Fuvaroz\u00f3 Kft.","robots":{"index":"index","follow":"follow","max-snippet":"max-snippet:-1","max-image-preview":"max-image-preview:large","max-video-preview":"max-video-preview:-1"},"canonical":"https:\/\/www.petranyijozsef.hu\/de\/zertifikate\/","og_locale":"de_DE","og_type":"article","og_title":"Zertifikate - Petr\u00e1nyi J\u00f3zsef Fuvaroz\u00f3 Kft.","og_description":"ZERTIFIKATE","og_url":"https:\/\/www.petranyijozsef.hu\/de\/zertifikate\/","og_site_name":"Petr\u00e1nyi J\u00f3zsef Fuvaroz\u00f3 Kft.","article_modified_time":"2025-12-15T10:14:05+00:00","twitter_card":"summary_large_image","twitter_misc":{"Gesch\u00e4tzte Lesezeit":"1\u00a0Minute"},"schema":{"@context":"https:\/\/schema.org","@graph":[{"@type":"WebPage","@id":"https:\/\/www.petranyijozsef.hu\/de\/zertifikate\/","url":"https:\/\/www.petranyijozsef.hu\/de\/zertifikate\/","name":"Zertifikate - Petr\u00e1nyi J\u00f3zsef Fuvaroz\u00f3 Kft.","isPartOf":{"@id":"https:\/\/www.petranyijozsef.hu\/#website"},"datePublished":"2021-06-21T23:11:48+00:00","dateModified":"2025-12-15T10:14:05+00:00","breadcrumb":{"@id":"https:\/\/www.petranyijozsef.hu\/de\/zertifikate\/#breadcrumb"},"inLanguage":"de","potentialAction":[{"@type":"ReadAction","target":["https:\/\/www.petranyijozsef.hu\/de\/zertifikate\/"]}]},{"@type":"BreadcrumbList","@id":"https:\/\/www.petranyijozsef.hu\/de\/zertifikate\/#breadcrumb","itemListElement":[{"@type":"ListItem","position":1,"name":"Home","item":"https:\/\/www.petranyijozsef.hu\/de\/"},{"@type":"ListItem","position":2,"name":"Zertifikate"}]},{"@type":"WebSite","@id":"https:\/\/www.petranyijozsef.hu\/#website","url":"https:\/\/www.petranyijozsef.hu\/","name":"Petr\u00e1nyi J\u00f3zsef Fuvaroz\u00f3 Kft.","description":"Belf\u00f6ldi \u00e9s nemzetk\u00f6zi fuvaroz\u00e1s. \u00d6mlesztett\u00e1ru-sz\u00e1ll\u00edt\u00e1s, raklapos \u00e1ruk, sil\u00f3s sz\u00e1ll\u00edt\u00e1s, rakt\u00e1roz\u00e1s, logisztikai szolg\u00e1tat\u00e1sok.","potentialAction":[{"@type":"SearchAction","target":{"@type":"EntryPoint","urlTemplate":"https:\/\/www.petranyijozsef.hu\/?s={search_term_string}"},"query-input":"required name=search_term_string"}],"inLanguage":"de"}]}},"_links":{"self":[{"href":"https:\/\/www.petranyijozsef.hu\/de\/wp-json\/wp\/v2\/pages\/2129","targetHints":{"allow":["GET"]}}],"collection":[{"href":"https:\/\/www.petranyijozsef.hu\/de\/wp-json\/wp\/v2\/pages"}],"about":[{"href":"https:\/\/www.petranyijozsef.hu\/de\/wp-json\/wp\/v2\/types\/page"}],"author":[{"embeddable":true,"href":"https:\/\/www.petranyijozsef.hu\/de\/wp-json\/wp\/v2\/users\/1"}],"replies":[{"embeddable":true,"href":"https:\/\/www.petranyijozsef.hu\/de\/wp-json\/wp\/v2\/comments?post=2129"}],"version-history":[{"count":7,"href":"https:\/\/www.petranyijozsef.hu\/de\/wp-json\/wp\/v2\/pages\/2129\/revisions"}],"predecessor-version":[{"id":2383,"href":"https:\/\/www.petranyijozsef.hu\/de\/wp-json\/wp\/v2\/pages\/2129\/revisions\/2383"}],"wp:attachment":[{"href":"https:\/\/www.petranyijozsef.hu\/de\/wp-json\/wp\/v2\/media?parent=2129"}],"curies":[{"name":"wp","href":"https:\/\/api.w.org\/{rel}","templated":true}]}}