{"id":1983,"date":"2020-01-22T02:02:05","date_gmt":"2020-01-22T01:02:05","guid":{"rendered":"https:\/\/www.petranyijozsef.hu\/?page_id=1983"},"modified":"2026-01-22T10:20:10","modified_gmt":"2026-01-22T09:20:10","slug":"startseite-2","status":"publish","type":"page","link":"https:\/\/www.petranyijozsef.hu\/de\/","title":{"rendered":"Startseite"},"content":{"rendered":"<h2>\n\t\tTRANSPORTE INS IN- UND AUSLAND\n\t<\/h2>\n\t\t\t<a href=\"\/de\/#uber-uns\" target=\"_self\"   role=\"button\">\n\t\t\t\t\t\t\tGESCHICHTE\n\t\t<\/a>\n\t\t\t<a href=\"\/de\/#kontakt\" target=\"_self\"   role=\"button\">\n\t\t\t\t\t\t\tHOLEN SIE EIN ANGEBOT EIN!\n\t\t<\/a>\n<h2>\n\t\tL\u00d6SUNGEN F\u00dcR INDIVIDUELLE W\u00dcNSCHE\n\t<\/h2>\n\t<h4>Wir richten uns sowohl bei kurzfristigen \u00c4nderungen, als auch bei umfassenden Transportl\u00f6sungen,<br \/>\nnach den Anspr\u00fcchen unserer Kunden.<\/h4>\n\t\t\t\t<img loading=\"lazy\" decoding=\"async\" src=\"https:\/\/www.petranyijozsef.hu\/wp-content\/uploads\/2025\/11\/fsa-rgb-x204.png\" alt=\"GMP+ Feed Safety Assurance\" itemprop=\"image\" height=\"204\" width=\"236\" title=\"GMP+ Feed Safety Assurance\" onerror=\"this.style.display='none'\"  \/>\n\t\t\t\t<img loading=\"lazy\" decoding=\"async\" src=\"https:\/\/www.petranyijozsef.hu\/wp-content\/uploads\/2018\/02\/MKFE-logo.jpg\" alt=\"MKFE-logo\" itemprop=\"image\" height=\"108\" width=\"107\" title=\"MKFE-logo\" onerror=\"this.style.display='none'\"  \/>\n<h2>\n\t\tSEIT 30 JAHREN IN DER LOGISTIK\n\t<\/h2>\n\t\t\t\t<section id=\"cd-timeline\" class=\"cd-container timeline-express\">\n\n\t\t\t\n<div class=\"cd-timeline-block januar 01 1987 announcement-1827  year-icon\">\n\n\t\n\t\t<div class=\"cd-timeline-img cd-picture icon-no-readmore\" style=\"background:#f1b183;\">\n\n\t\t\t<!-- Custom Action Hook -->\n\t\t\t\n\t\t\t\t<!-- Standard Font Awesome Icon -->\n\t\t\t\t<span class=\"year\">\n\n\t\t\t\t\t<strong>\n\n\t\t\t\t\t\t1987\n\t\t\t\t\t<\/strong>\n\n\t\t\t\t<\/span>\n\n\t\t\t\n\t\t<\/div> <!-- cd-timeline-img -->\n\n\t\n\t<!-- Timeline Content -->\n\t<div class=\"cd-timeline-content\">\n\n\t\t\n\t\t<!-- Announcement Title -->\n\t\t<div class=\"cd-timeline-title-container\">\n\n\t\t\t\n\t\t\t<h2 class=\"cd-timeline-item-title\">\n\t\t\t\tGR\u00dcNDUNG\t\t\t<\/h2>\n\n\t\t\t\t\t<\/div>\n\t\t<!-- End Announcement Title -->\n\n\t\t<img loading=\"lazy\" decoding=\"async\" width=\"350\" height=\"120\" src=\"https:\/\/www.petranyijozsef.hu\/wp-content\/uploads\/2017\/11\/IFA-W_50-350x120.jpg\" class=\"announcement-banner-image\" alt=\"GR\u00dcNDUNG\" \/>\n\t\t<!-- Announcement Excerpt -->\n\t\t<div class=\"the-excerpt\">\n\t\t\t<p>Die T\u00e4tigkeit wurde im M\u00e4rz 1987 durch den Kauf eines LKWs Typ IFA begonnen. Damals konnten wir lediglich die Bed\u00fcrfnisse eines kleineren Bauunternehmens erf\u00fcllen. Dank unseren Kontakten in der Branche und den lokalen Marktpotenzialen haben wir im ersten Schritt weitere Fahrzeuge angeschafft. Nach der politischen Wende sind die Marktbed\u00fcrfnisse deutlich angewachsen, und wir waren stets bem\u00fcht, unsere Transportkapazit\u00e4ten an die Anspr\u00fcche anzupassen.<\/p>\n\t\t<\/div>\n\t\t<!-- End Announcement Excerpt -->\n\n\t\t\n\t<\/div>\n\t<!-- End Timeline Content -->\n\n<\/div>\n<!-- End Timeline Block -->\n\n<div class=\"cd-timeline-block januar 01 2002 announcement-1829  year-icon\">\n\n\t\n\t\t<div class=\"cd-timeline-img cd-picture icon-no-readmore\" style=\"background:#e5532e;\">\n\n\t\t\t<!-- Custom Action Hook -->\n\t\t\t\n\t\t\t\t<!-- Standard Font Awesome Icon -->\n\t\t\t\t<span class=\"year\">\n\n\t\t\t\t\t<strong>\n\n\t\t\t\t\t\t2002\n\t\t\t\t\t<\/strong>\n\n\t\t\t\t<\/span>\n\n\t\t\t\n\t\t<\/div> <!-- cd-timeline-img -->\n\n\t\n\t<!-- Timeline Content -->\n\t<div class=\"cd-timeline-content\">\n\n\t\t\n\t\t<!-- Announcement Title -->\n\t\t<div class=\"cd-timeline-title-container\">\n\n\t\t\t\n\t\t\t<h2 class=\"cd-timeline-item-title\">\n\t\t\t\tSTANDORT\t\t\t<\/h2>\n\n\t\t\t\t\t<\/div>\n\t\t<!-- End Announcement Title -->\n\n\t\t<img loading=\"lazy\" decoding=\"async\" width=\"350\" height=\"120\" src=\"https:\/\/www.petranyijozsef.hu\/wp-content\/uploads\/2018\/07\/petranyi-jozsef-fuvarozo-kft-iroda-1920x1100-350x120.jpg\" class=\"announcement-banner-image\" alt=\"STANDORT\" \/>\n\t\t<!-- Announcement Excerpt -->\n\t\t<div class=\"the-excerpt\">\n\t\t\t<p>Im Jahr 2002 haben wir ein geeignetes Gel\u00e4nde f\u00fcr unseren Firmenstandort erworben. Die Errichtung des Standortes brachte weitere Gesch\u00e4ftsziele f\u00fcr unser Familienunternehmen mit sich. In Anpassung an die Marktnachfrage haben wir 2004 auch Auslandstransporte gestartet. Der gr\u00f6\u00dfere Fuhrpark erforderte mehr Mechaniker, bzw. sp\u00e4ter auch den Ausbau einer eigenen Serviceabteilung.<\/p>\n\t\t<\/div>\n\t\t<!-- End Announcement Excerpt -->\n\n\t\t\n\t<\/div>\n\t<!-- End Timeline Content -->\n\n<\/div>\n<!-- End Timeline Block -->\n\n<div class=\"cd-timeline-block januar 01 2010 announcement-1826  year-icon\">\n\n\t\n\t\t<div class=\"cd-timeline-img cd-picture icon-no-readmore\" style=\"background:#f10b25;\">\n\n\t\t\t<!-- Custom Action Hook -->\n\t\t\t\n\t\t\t\t<!-- Standard Font Awesome Icon -->\n\t\t\t\t<span class=\"year\">\n\n\t\t\t\t\t<strong>\n\n\t\t\t\t\t\t2010\n\t\t\t\t\t<\/strong>\n\n\t\t\t\t<\/span>\n\n\t\t\t\n\t\t<\/div> <!-- cd-timeline-img -->\n\n\t\n\t<!-- Timeline Content -->\n\t<div class=\"cd-timeline-content\">\n\n\t\t\n\t\t<!-- Announcement Title -->\n\t\t<div class=\"cd-timeline-title-container\">\n\n\t\t\t\n\t\t\t<h2 class=\"cd-timeline-item-title\">\n\t\t\t\tDIE FIRMA\t\t\t<\/h2>\n\n\t\t\t\t\t<\/div>\n\t\t<!-- End Announcement Title -->\n\n\t\t<img loading=\"lazy\" decoding=\"async\" width=\"350\" height=\"120\" src=\"https:\/\/www.petranyijozsef.hu\/wp-content\/uploads\/2017\/11\/petranyi-jozsef-mercedes-350x120.jpg\" class=\"announcement-banner-image\" alt=\"DIE FIRMA\" \/>\n\t\t<!-- Announcement Excerpt -->\n\t\t<div class=\"the-excerpt\">\n\t\t\t<p>Im Jahr 2010 wurde die Einzelunternehmung in eine GmbH umgewandelt, seitdem arbeiten wir unter dem Namen Petr\u00e1nyi J\u00f3zsef Fuvaroz\u00f3 Kft. (J\u00f3zsef Petr\u00e1nyi Transport GmbH). Derzeit fahren wir 80 LKW-s mit der Hauptt\u00e4tigkeit Stra\u00dfentransporte ins In- und Ausland.<\/p>\n\t\t<\/div>\n\t\t<!-- End Announcement Excerpt -->\n\n\t\t\n\t<\/div>\n\t<!-- End Timeline Content -->\n\n<\/div>\n<!-- End Timeline Block -->\n\n\t\t\t<\/section>\n\n\t\t\t<!-- Timeline Express Free v1.8.1 | Site: https:\/\/www.wp-timelineexpress.com | Author: CodeParrots - http:\/\/www.codeparrots.com -->\n<h2>\n\t\tVON A BIS Z, VON PUNKT A NACH PUNKT B\n\t<\/h2>\n\t\t\t\t<img decoding=\"async\" src=\"https:\/\/www.petranyijozsef.hu\/wp-content\/uploads\/2017\/10\/petranyi-jozsef-omlesztettaru-szallitas-ikon-150x78.png\" alt=\"petranyi-jozsef-omlesztettaru-szallitas-ikon\" itemprop=\"image\"\/>\n\t\t<h3>SCH\u00dcTTGUT TRANSPORTE<\/h3>\n\t\t\t\t<p>Kies, Sand, Stein, Schotter, Abfall.<br \/>Getreide, Futter.<\/p>\n\t\t\t\t<img decoding=\"async\" src=\"https:\/\/www.petranyijozsef.hu\/wp-content\/uploads\/2017\/10\/petranyi-jozsef-silos-szallitas-ikon.png\" alt=\"petranyi-jozsef-silos-szallitas-ikon\" itemprop=\"image\"\/>\n\t\t<h3>SILO-TRANSPORTE<\/h3>\n\t\t\t\t<p>Zement, Kalkstein, Gips, M\u00f6rtel.<br \/>Futter, Mehl.<\/p>\n\t\t\t\t<img decoding=\"async\" src=\"https:\/\/www.petranyijozsef.hu\/wp-content\/uploads\/2017\/10\/petranyi-jozsef-raklapos-aruk-ikon.png\" alt=\"petranyi-jozsef-raklapos-aruk-ikon\" itemprop=\"image\"\/>\n\t\t<h3>PALETTENWARE<\/h3>\n\t\t\t\t<p>Baustoffe (LKW-s mit Ladekran und fixem Laderaum).<br \/>Futter, sonstige St\u00fcckware.<\/p>\n\t\t\t\t<img decoding=\"async\" src=\"https:\/\/www.petranyijozsef.hu\/wp-content\/uploads\/2025\/11\/distribution-center.png\" alt=\"Petr\u00e1nyi J\u00f3zsef - Lagerung\" itemprop=\"image\"\/>\n\t\t<h3>WEITERE DIENSTLEISTUNGEN<\/h3>\n\t\t\t\tLagerung, logistische Dienste.\nHandel mit Bau-Sch\u00fcttgut.\nMaschinelle Erdarbeiten.\n<h2>\n\t\tUNSERE ERREICHBARKEITEN\n\t<\/h2>\n<h4>\n\t\tPetr\u00e1nyi J\u00f3zsef Transport GmbH\n\t<\/h4>\n\tH-2371 Dabas, Als\u00f3besny\u0151 major 9., Ungarn<br \/>\nTelefon: +36 30 955 6399\n<h5>\n\t\tGesch\u00e4ftsf\u00fchrer\n\t<\/h5>\n\t<p>PETR\u00c1NYI ZOLT\u00c1N<\/p>\n<p> <a href=\"&#x6d;&#x61;&#x69;&#x6c;&#x74;&#x6f;&#x3a;&#x70;&#x65;&#x74;&#x72;&#x61;&#x6e;&#x79;&#105;&#64;&#112;&#101;&#116;&#114;&#97;&#110;&#121;&#105;&#106;ozsef&#46;hu\">pe&#116;&#114;&#97;&#x6e;&#x79;&#x69;&#x40;&#x70;et&#114;&#97;&#110;&#x79;&#x69;&#x6a;&#x6f;&#x7a;se&#102;&#46;&#104;&#x75;<\/a><\/p>\n<h5>\n\t\tGesch\u00e4ftsf\u00fchrer\n\t<\/h5>\n\t<p>PETR\u00c1NYI J\u00d3ZSEF<\/p>\n<p> <a href=\"&#109;&#x61;&#x69;&#108;&#x74;&#x6f;:&#x70;&#x65;t&#114;&#x61;n&#121;&#x69;&#46;&#106;&#x6f;z&#115;&#x65;f&#64;&#x70;&#x65;&#116;&#x72;&#x61;&#110;&#x79;&#x69;j&#x6f;&#x7a;s&#101;&#x66;&#46;&#104;&#x75;\">&#x70;e&#x74;r&#x61;&#110;&#x79;&#105;&#46;&#x6a;o&#x7a;&#115;&#x65;&#102;&#x40;&#112;e&#x74;r&#x61;&#110;&#x79;&#105;&#x6a;&#x6f;z&#x73;e&#x66;&#46;&#x68;&#117;<\/a><\/p>\n<h5>\n\t\tFinanzen\n\t<\/h5>\n\t<p>PETR\u00c1NYIN\u00c9 KOV\u00c1CS BEATRIX<\/p>\n <a href=\"tel:+36304475513\">+36 30 447 55 13<\/a><br \/>\n <a href=\"m&#97;&#105;&#x6c;&#x74;o:&#112;&#101;&#x74;&#x72;an&#121;&#105;&#x2e;&#x62;et&#116;&#x69;&#x40;&#x70;e&#116;&#114;&#x61;&#x6e;&#x79;i&#106;&#111;&#x7a;&#x73;&#x65;f&#46;&#104;&#x75;\">petr&#97;&#110;&#121;&#105;&#46;&#98;&#101;&#x74;&#x74;&#x69;&#x40;&#x70;&#x65;&#x74;&#x72;&#x61;nyij&#111;&#122;&#115;&#101;&#102;&#46;&#104;&#x75;<\/a>\n<h5>\n\t\tFrachtplanung\n\t<\/h5>\n\t<p>JELENEK VIKTOR<\/p>\n <a href=\"tel:+36301903430\">+36 30 190 34 30<\/a><br \/>\n <a href=\"m&#97;&#x69;&#x6c;&#x74;o&#58;&#106;&#x65;&#x6c;e&#110;&#101;&#x6b;&#x2e;vi&#107;&#x74;&#x6f;&#x72;&#64;&#112;&#x65;&#x74;&#x72;a&#110;&#121;&#x69;&#x6a;o&#122;&#115;&#x65;&#x66;&#46;h&#117;\">&#x6a;e&#x6c;&#101;&#x6e;&#101;k&#x2e;v&#x69;&#107;&#x74;&#111;r&#x40;&#112;&#x65;&#116;r&#x61;n&#x79;&#105;&#x6a;&#111;z&#x73;e&#x66;&#46;&#x68;&#x75;<\/a>\n\t<p>K\u00d6RMENDI \u00c1D\u00c1M<\/p>\n <a href=\"tel:+36 70 324 2749\">+36703242749<\/a><br \/>\n <a href=\"&#x6d;&#x61;&#105;l&#x74;&#x6f;&#x3a;&#107;o&#x72;&#x6d;&#x65;&#110;d&#x69;&#x2e;&#x61;&#100;a&#x6d;&#x40;&#x70;&#101;t&#x72;&#x61;&#x6e;&#121;i&#x6a;&#x6f;&#x7a;&#115;e&#x66;&#x2e;&#x68;&#117;\">&#x6b;&#x6f;&#x72;&#x6d;&#x65;&#x6e;&#x64;&#x69;&#x2e;&#x61;&#x64;&#x61;&#x6d;&#x40;&#x70;&#x65;&#x74;&#x72;&#x61;&#x6e;&#x79;&#x69;&#x6a;&#x6f;&#x7a;&#x73;&#x65;&#x66;&#x2e;&#x68;&#x75;<\/a>\n\t<p>POLYOVKA \u00c1D\u00c1M<\/p>\n <a href=\"tel:+36302427335\">+36 30 242 73 35<\/a><br \/>\n <a href=\"&#109;&#x61;&#105;&#x6c;&#116;&#x6f;:&#x70;o&#x6c;y&#111;&#x76;&#107;&#x61;&#46;&#x61;&#100;&#x61;m&#x40;p&#x65;t&#114;&#x61;&#110;&#x79;&#105;&#x6a;&#111;&#x7a;s&#x65;f&#x2e;h&#117;\">&#x70;&#111;&#108;y&#x6f;&#x76;&#107;a&#x2e;&#x61;&#100;a&#x6d;&#x40;&#112;e&#x74;&#x72;&#97;n&#x79;&#x69;&#106;o&#x7a;&#x73;&#101;&#102;&#46;&#x68;&#x75;<\/a>\n\t<p>TURCS\u00c1NY B\u00c1LINT<\/p>\n <a href=\"tel:+36306521754\">+36 30 652 17 54<\/a><br \/>\n <a href=\"&#x6d;&#97;&#105;l&#x74;&#x6f;&#58;t&#x75;&#x72;&#99;sa&#x6e;&#121;&#46;b&#x61;&#x6c;&#105;n&#x74;&#x40;&#112;&#101;t&#x72;&#x61;&#110;y&#x69;&#x6a;&#111;z&#x73;&#x65;&#102;&#46;h&#x75; \">&#x74;&#117;&#114;&#x63;&#x73;&#97;&#110;&#x79;&#x2e;&#98;&#97;&#x6c;&#x69;&#110;&#116;&#x40;&#x70;&#101;&#116;&#x72;&#x61;&#110;&#121;&#x69;&#x6a;&#111;&#122;&#x73;&#x65;&#102;&#46;&#x68;&#x75;<\/a>\n<h5>\n\t\tVerwaltung\n\t<\/h5>\n\t<p>HARMINCZ ERIKA<\/p>\n <a href=\"tel:+36302849707\">+36 30 284 9707 <\/a><br \/>\n <a href=\"&#109;&#x61;i&#x6c;t&#111;&#x3a;&#104;&#x61;r&#109;&#x69;&#110;&#x63;z&#x2e;&#x65;&#114;&#x69;k&#x61;&#64;&#112;&#x65;&#116;&#x72;a&#110;&#x79;&#105;&#x6a;o&#122;&#x73;&#101;&#x66;&#46;&#x68;&#x75; \">h&#97;&#114;&#x6d;&#x69;&#x6e;&#x63;z&#46;&#101;&#114;&#x69;&#x6b;&#x61;&#64;p&#101;&#116;&#x72;&#x61;&#x6e;yi&#106;&#111;&#x7a;&#x73;&#x65;f&#46;&#104;&#117;<\/a>\n\t<p>PETR\u00c1NYIN\u00c9 SZMREK EDINA<\/p>\n<p> <a href=\"tel:+36306106482\">+36 30 610 6482<\/a><\/p>\n\t<p>KOTL\u00c1RN\u00c9 SZAB\u00d3 KLAUDIA EM\u0150KE<\/p>\n\n <a href=\"&#x6d;&#x61;&#x69;&#x6c;&#x74;&#111;&#58;&#115;&#122;abo&#x2e;&#x6b;&#x6c;&#x61;&#x75;&#x64;&#105;&#97;&#64;pet&#x72;&#x61;&#x6e;&#x79;&#x69;&#x6a;&#111;&#122;&#115;&#101;f&#46;h&#x75;\">&#x73;z&#x61;&#98;&#x6f;&#46;k&#x6c;a&#x75;&#100;&#x69;&#97;&#64;&#x70;&#101;&#x74;&#114;a&#x6e;y&#x69;&#106;&#x6f;&#122;s&#x65;f&#x2e;&#104;&#x75;<\/a>\n\t<p>H\u00d6R\u00d6MP\u0150 ANDREA<\/p>\n <a href=\"tel:+36303506849\">+36 30 350 6849 <\/a><br \/>\n <a href=\"&#x6d;&#x61;&#x69;&#x6c;&#x74;&#x6f;&#x3a;&#x68;&#x6f;&#x72;&#x6f;&#x6d;&#x70;&#x6f;&#x2e;&#x61;&#x6e;&#x64;&#x72;&#x65;&#x61;&#x40;&#x70;&#x65;&#x74;&#x72;&#x61;&#x6e;&#x79;&#x69;&#x6a;&#x6f;&#x7a;&#x73;&#x65;&#x66;&#x2e;&#x68;&#x75; \">&#x68;o&#x72;&#111;m&#x70;&#111;&#x2e;&#97;n&#x64;&#114;&#x65;&#97;&#64;&#x70;&#101;&#x74;&#x72;a&#x6e;&#121;i&#x6a;&#111;&#x7a;&#115;e&#x66;&#46;&#x68;&#117;<\/a>\n\t<p>KARSZ\u00c1N\u00c9 KOLL\u00c1R KLAUDIA<\/p>\n\n <a href=\"tel:+36300818572\">+36 30 081 8572<\/a><br \/>\n <a href=\"&#x6d;&#x61;&#105;&#108;&#116;o&#x3a;&#x6b;&#x6f;&#108;&#108;ar&#x2e;&#x6b;&#x6c;&#97;&#117;d&#x69;&#x61;&#x40;&#112;&#101;&#116;r&#x61;&#x6e;&#x79;&#105;&#106;oz&#x73;&#x65;&#x66;&#46;&#104;u\">&#x6b;&#x6f;&#x6c;&#x6c;&#x61;&#x72;&#x2e;&#107;&#108;&#97;&#117;&#100;ia&#64;p&#x65;&#x74;&#x72;&#x61;&#x6e;&#x79;&#x69;&#x6a;&#111;&#122;&#115;&#101;&#102;&#46;hu<\/a>\n<h5>\n\t\tLagerleiter\n\t<\/h5>\n\t<p>FARKAS G\u00c1BOR<\/p>\n <a href=\"tel:+36301579979\">+36 30 157 9979<\/a><br \/>\n <a href=\"&#109;&#x61;i&#108;&#x74;o&#x3a;&#x72;&#97;&#x6b;t&#97;&#x72;&#64;&#112;&#x65;&#116;&#x72;a&#110;&#x79;i&#106;&#x6f;&#122;&#x73;&#x65;&#102;&#x2e;h&#117; \">rakt&#97;&#114;&#64;&#112;&#101;&#x74;&#x72;&#x61;&#x6e;&#x79;&#x69;&#x6a;ozse&#102;&#46;&#104;&#117;<\/a>\n","protected":false},"excerpt":{"rendered":"<p>TRANSPORTE INS IN- UND AUSLAND GESCHICHTE HOLEN SIE EIN ANGEBOT EIN! L\u00d6SUNGEN F\u00dcR INDIVIDUELLE W\u00dcNSCHE Wir richten uns sowohl bei kurzfristigen \u00c4nderungen, als auch bei umfassenden Transportl\u00f6sungen, nach den Anspr\u00fcchen unserer Kunden. SEIT 30 JAHREN IN DER LOGISTIK VON A BIS Z, VON PUNKT A NACH PUNKT B SCH\u00dcTTGUT TRANSPORTE Kies, Sand,<\/p>\n","protected":false},"author":1,"featured_media":0,"parent":0,"menu_order":0,"comment_status":"closed","ping_status":"closed","template":"","meta":{"footnotes":""},"class_list":["post-1983","page","type-page","status-publish","hentry"],"yoast_head":"<!-- This site is optimized with the Yoast SEO plugin v19.9 - https:\/\/yoast.com\/wordpress\/plugins\/seo\/ -->\n<title>Petr\u00e1nyi J\u00f3zsef Transport GmbH - Transporte ins In- und Ausland<\/title>\n<meta name=\"description\" content=\"Transporte ins In- und Ausland. Sch\u00fcttgut Transporte, Palettenware, Silo-Transporte, Lagerung, logistische Dienste. Wenden Sie sich mit Vertrauen an uns!\" \/>\n<meta name=\"robots\" content=\"index, follow, max-snippet:-1, max-image-preview:large, max-video-preview:-1\" \/>\n<link rel=\"canonical\" href=\"https:\/\/www.petranyijozsef.hu\/de\/\" \/>\n<meta property=\"og:locale\" content=\"de_DE\" \/>\n<meta property=\"og:type\" content=\"article\" \/>\n<meta property=\"og:title\" content=\"Petr\u00e1nyi J\u00f3zsef Transport GmbH - Transporte ins In- und Ausland\" \/>\n<meta property=\"og:description\" content=\"Transporte ins In- und Ausland. Sch\u00fcttgut Transporte, Palettenware, Silo-Transporte, Lagerung, logistische Dienste. Wenden Sie sich mit Vertrauen an uns!\" \/>\n<meta property=\"og:url\" content=\"https:\/\/www.petranyijozsef.hu\/de\/\" \/>\n<meta property=\"og:site_name\" content=\"Petr\u00e1nyi J\u00f3zsef Fuvaroz\u00f3 Kft.\" \/>\n<meta property=\"article:modified_time\" content=\"2026-01-22T09:20:10+00:00\" \/>\n<meta property=\"og:image\" content=\"https:\/\/www.petranyijozsef.hu\/wp-content\/uploads\/2025\/11\/fsa-rgb-x204.png\" \/>\n<meta name=\"twitter:card\" content=\"summary_large_image\" \/>\n<meta name=\"twitter:label1\" content=\"Gesch\u00e4tzte Lesezeit\" \/>\n\t<meta name=\"twitter:data1\" content=\"1\u00a0Minute\" \/>\n<script type=\"application\/ld+json\" class=\"yoast-schema-graph\">{\"@context\":\"https:\/\/schema.org\",\"@graph\":[{\"@type\":\"WebPage\",\"@id\":\"https:\/\/www.petranyijozsef.hu\/de\/\",\"url\":\"https:\/\/www.petranyijozsef.hu\/de\/\",\"name\":\"Petr\u00e1nyi J\u00f3zsef Transport GmbH - Transporte ins In- und Ausland\",\"isPartOf\":{\"@id\":\"https:\/\/www.petranyijozsef.hu\/#website\"},\"datePublished\":\"2020-01-22T01:02:05+00:00\",\"dateModified\":\"2026-01-22T09:20:10+00:00\",\"description\":\"Transporte ins In- und Ausland. Sch\u00fcttgut Transporte, Palettenware, Silo-Transporte, Lagerung, logistische Dienste. Wenden Sie sich mit Vertrauen an uns!\",\"breadcrumb\":{\"@id\":\"https:\/\/www.petranyijozsef.hu\/de\/#breadcrumb\"},\"inLanguage\":\"de\",\"potentialAction\":[{\"@type\":\"ReadAction\",\"target\":[\"https:\/\/www.petranyijozsef.hu\/de\/\"]}]},{\"@type\":\"BreadcrumbList\",\"@id\":\"https:\/\/www.petranyijozsef.hu\/de\/#breadcrumb\",\"itemListElement\":[{\"@type\":\"ListItem\",\"position\":1,\"name\":\"Home\",\"item\":\"https:\/\/www.petranyijozsef.hu\/de\/\"},{\"@type\":\"ListItem\",\"position\":2,\"name\":\"Startseite\"}]},{\"@type\":\"WebSite\",\"@id\":\"https:\/\/www.petranyijozsef.hu\/#website\",\"url\":\"https:\/\/www.petranyijozsef.hu\/\",\"name\":\"Petr\u00e1nyi J\u00f3zsef Fuvaroz\u00f3 Kft.\",\"description\":\"Belf\u00f6ldi \u00e9s nemzetk\u00f6zi fuvaroz\u00e1s. \u00d6mlesztett\u00e1ru-sz\u00e1ll\u00edt\u00e1s, raklapos \u00e1ruk, sil\u00f3s sz\u00e1ll\u00edt\u00e1s, rakt\u00e1roz\u00e1s, logisztikai szolg\u00e1tat\u00e1sok.\",\"potentialAction\":[{\"@type\":\"SearchAction\",\"target\":{\"@type\":\"EntryPoint\",\"urlTemplate\":\"https:\/\/www.petranyijozsef.hu\/?s={search_term_string}\"},\"query-input\":\"required name=search_term_string\"}],\"inLanguage\":\"de\"}]}<\/script>\n<!-- \/ Yoast SEO plugin. -->","yoast_head_json":{"title":"Petr\u00e1nyi J\u00f3zsef Transport GmbH - Transporte ins In- und Ausland","description":"Transporte ins In- und Ausland. Sch\u00fcttgut Transporte, Palettenware, Silo-Transporte, Lagerung, logistische Dienste. Wenden Sie sich mit Vertrauen an uns!","robots":{"index":"index","follow":"follow","max-snippet":"max-snippet:-1","max-image-preview":"max-image-preview:large","max-video-preview":"max-video-preview:-1"},"canonical":"https:\/\/www.petranyijozsef.hu\/de\/","og_locale":"de_DE","og_type":"article","og_title":"Petr\u00e1nyi J\u00f3zsef Transport GmbH - Transporte ins In- und Ausland","og_description":"Transporte ins In- und Ausland. Sch\u00fcttgut Transporte, Palettenware, Silo-Transporte, Lagerung, logistische Dienste. Wenden Sie sich mit Vertrauen an uns!","og_url":"https:\/\/www.petranyijozsef.hu\/de\/","og_site_name":"Petr\u00e1nyi J\u00f3zsef Fuvaroz\u00f3 Kft.","article_modified_time":"2026-01-22T09:20:10+00:00","og_image":[{"url":"https:\/\/www.petranyijozsef.hu\/wp-content\/uploads\/2025\/11\/fsa-rgb-x204.png"}],"twitter_card":"summary_large_image","twitter_misc":{"Gesch\u00e4tzte Lesezeit":"1\u00a0Minute"},"schema":{"@context":"https:\/\/schema.org","@graph":[{"@type":"WebPage","@id":"https:\/\/www.petranyijozsef.hu\/de\/","url":"https:\/\/www.petranyijozsef.hu\/de\/","name":"Petr\u00e1nyi J\u00f3zsef Transport GmbH - Transporte ins In- und Ausland","isPartOf":{"@id":"https:\/\/www.petranyijozsef.hu\/#website"},"datePublished":"2020-01-22T01:02:05+00:00","dateModified":"2026-01-22T09:20:10+00:00","description":"Transporte ins In- und Ausland. Sch\u00fcttgut Transporte, Palettenware, Silo-Transporte, Lagerung, logistische Dienste. Wenden Sie sich mit Vertrauen an uns!","breadcrumb":{"@id":"https:\/\/www.petranyijozsef.hu\/de\/#breadcrumb"},"inLanguage":"de","potentialAction":[{"@type":"ReadAction","target":["https:\/\/www.petranyijozsef.hu\/de\/"]}]},{"@type":"BreadcrumbList","@id":"https:\/\/www.petranyijozsef.hu\/de\/#breadcrumb","itemListElement":[{"@type":"ListItem","position":1,"name":"Home","item":"https:\/\/www.petranyijozsef.hu\/de\/"},{"@type":"ListItem","position":2,"name":"Startseite"}]},{"@type":"WebSite","@id":"https:\/\/www.petranyijozsef.hu\/#website","url":"https:\/\/www.petranyijozsef.hu\/","name":"Petr\u00e1nyi J\u00f3zsef Fuvaroz\u00f3 Kft.","description":"Belf\u00f6ldi \u00e9s nemzetk\u00f6zi fuvaroz\u00e1s. \u00d6mlesztett\u00e1ru-sz\u00e1ll\u00edt\u00e1s, raklapos \u00e1ruk, sil\u00f3s sz\u00e1ll\u00edt\u00e1s, rakt\u00e1roz\u00e1s, logisztikai szolg\u00e1tat\u00e1sok.","potentialAction":[{"@type":"SearchAction","target":{"@type":"EntryPoint","urlTemplate":"https:\/\/www.petranyijozsef.hu\/?s={search_term_string}"},"query-input":"required name=search_term_string"}],"inLanguage":"de"}]}},"_links":{"self":[{"href":"https:\/\/www.petranyijozsef.hu\/de\/wp-json\/wp\/v2\/pages\/1983","targetHints":{"allow":["GET"]}}],"collection":[{"href":"https:\/\/www.petranyijozsef.hu\/de\/wp-json\/wp\/v2\/pages"}],"about":[{"href":"https:\/\/www.petranyijozsef.hu\/de\/wp-json\/wp\/v2\/types\/page"}],"author":[{"embeddable":true,"href":"https:\/\/www.petranyijozsef.hu\/de\/wp-json\/wp\/v2\/users\/1"}],"replies":[{"embeddable":true,"href":"https:\/\/www.petranyijozsef.hu\/de\/wp-json\/wp\/v2\/comments?post=1983"}],"version-history":[{"count":31,"href":"https:\/\/www.petranyijozsef.hu\/de\/wp-json\/wp\/v2\/pages\/1983\/revisions"}],"predecessor-version":[{"id":2387,"href":"https:\/\/www.petranyijozsef.hu\/de\/wp-json\/wp\/v2\/pages\/1983\/revisions\/2387"}],"wp:attachment":[{"href":"https:\/\/www.petranyijozsef.hu\/de\/wp-json\/wp\/v2\/media?parent=1983"}],"curies":[{"name":"wp","href":"https:\/\/api.w.org\/{rel}","templated":true}]}}